{"id":691,"date":"2025-12-31T20:59:42","date_gmt":"2025-12-31T20:59:42","guid":{"rendered":"https:\/\/keyawaytangier.com\/?page_id=691"},"modified":"2026-01-04T18:42:30","modified_gmt":"2026-01-04T18:42:30","slug":"blog","status":"publish","type":"page","link":"https:\/\/keyawaytangier.com\/?page_id=691","title":{"rendered":"Blog"},"content":{"rendered":"\t\t<div data-elementor-type=\"wp-page\" data-elementor-id=\"691\" class=\"elementor elementor-691\" data-elementor-post-type=\"page\">\n\t\t\t\t<div class=\"elementor-element elementor-element-3db01d5 e-flex e-con-boxed e-con e-parent\" data-id=\"3db01d5\" data-element_type=\"container\" data-e-type=\"container\" data-settings=\"{&quot;background_background&quot;:&quot;classic&quot;}\">\n\t\t\t\t\t<div class=\"e-con-inner\">\n\t\t<div class=\"elementor-element elementor-element-17aacb4 e-con-full e-flex e-con e-child\" data-id=\"17aacb4\" data-element_type=\"container\" data-e-type=\"container\">\n\t\t\t\t<div class=\"elementor-element elementor-element-7043069 elementor-widget__width-auto elementor-widget elementor-widget-heading\" data-id=\"7043069\" data-element_type=\"widget\" data-e-type=\"widget\" data-widget_type=\"heading.default\">\n\t\t\t\t<div class=\"elementor-widget-container\">\n\t\t\t\t\t<h5 class=\"elementor-heading-title elementor-size-default\">\ud83d\udcf0 Actualit\u00e9s<\/h5>\t\t\t\t<\/div>\n\t\t\t\t<\/div>\n\t\t\t\t<div class=\"elementor-element elementor-element-0424111 elementor-widget elementor-widget-heading\" data-id=\"0424111\" data-element_type=\"widget\" data-e-type=\"widget\" data-widget_type=\"heading.default\">\n\t\t\t\t<div class=\"elementor-widget-container\">\n\t\t\t\t\t<h2 class=\"elementor-heading-title elementor-size-default\">Inspiration, Astuces &amp; Expertise Locale.<\/h2>\t\t\t\t<\/div>\n\t\t\t\t<\/div>\n\t\t\t\t<div class=\"elementor-element elementor-element-4022b87 elementor-widget elementor-widget-text-editor\" data-id=\"4022b87\" data-element_type=\"widget\" data-e-type=\"widget\" data-widget_type=\"text-editor.default\">\n\t\t\t\t<div class=\"elementor-widget-container\">\n\t\t\t\t\t\t\t\t\t<blockquote data-start=\"583\" data-end=\"815\"><h5 data-start=\"585\" data-end=\"815\">Nous partageons ici nos meilleurs conseils pour simplifier votre gestion locative, booster vos r\u00e9servations et offrir un s\u00e9jour inoubliable \u00e0 vos voyageurs.<\/h5><\/blockquote>\t\t\t\t\t\t\t\t<\/div>\n\t\t\t\t<\/div>\n\t\t<div class=\"elementor-element elementor-element-af8b59d e-con-full e-flex e-con e-child\" data-id=\"af8b59d\" data-element_type=\"container\" data-e-type=\"container\" data-settings=\"{&quot;background_background&quot;:&quot;classic&quot;}\">\n\t\t<div class=\"elementor-element elementor-element-6d20b3f e-con-full e-flex e-con e-child\" data-id=\"6d20b3f\" data-element_type=\"container\" data-e-type=\"container\">\n\t\t\t\t<div class=\"elementor-element elementor-element-d540113 elementor-widget elementor-widget-image\" data-id=\"d540113\" data-element_type=\"widget\" data-e-type=\"widget\" data-widget_type=\"image.default\">\n\t\t\t\t<div class=\"elementor-widget-container\">\n\t\t\t\t\t\t\t\t\t\t\t\t\t\t\t<img decoding=\"async\" width=\"64\" height=\"64\" src=\"https:\/\/keyawaytangier.com\/wp-content\/uploads\/2025\/12\/check.png\" class=\"attachment-full size-full wp-image-742\" alt=\"\" \/>\t\t\t\t\t\t\t\t\t\t\t\t\t\t\t<\/div>\n\t\t\t\t<\/div>\n\t\t<div class=\"elementor-element elementor-element-d57739e e-con-full e-flex e-con e-child\" data-id=\"d57739e\" data-element_type=\"container\" data-e-type=\"container\">\n\t\t\t\t<div class=\"elementor-element elementor-element-d85c8a6 elementor-widget elementor-widget-heading\" data-id=\"d85c8a6\" data-element_type=\"widget\" data-e-type=\"widget\" data-widget_type=\"heading.default\">\n\t\t\t\t<div class=\"elementor-widget-container\">\n\t\t\t\t\t<h4 class=\"elementor-heading-title elementor-size-default\">Conseils Pratiques<\/h4>\t\t\t\t<\/div>\n\t\t\t\t<\/div>\n\t\t\t\t<\/div>\n\t\t\t\t<\/div>\n\t\t<div class=\"elementor-element elementor-element-55dc031 e-con-full e-flex e-con e-child\" data-id=\"55dc031\" data-element_type=\"container\" data-e-type=\"container\">\n\t\t\t\t<div class=\"elementor-element elementor-element-bb62361 elementor-widget elementor-widget-image\" data-id=\"bb62361\" data-element_type=\"widget\" data-e-type=\"widget\" data-widget_type=\"image.default\">\n\t\t\t\t<div class=\"elementor-widget-container\">\n\t\t\t\t\t\t\t\t\t\t\t\t\t\t\t<img decoding=\"async\" width=\"64\" height=\"64\" src=\"https:\/\/keyawaytangier.com\/wp-content\/uploads\/2025\/12\/check.png\" class=\"attachment-full size-full wp-image-742\" alt=\"\" \/>\t\t\t\t\t\t\t\t\t\t\t\t\t\t\t<\/div>\n\t\t\t\t<\/div>\n\t\t<div class=\"elementor-element elementor-element-5576157 e-con-full e-flex e-con e-child\" data-id=\"5576157\" data-element_type=\"container\" data-e-type=\"container\">\n\t\t\t\t<div class=\"elementor-element elementor-element-44f3635 elementor-widget elementor-widget-heading\" data-id=\"44f3635\" data-element_type=\"widget\" data-e-type=\"widget\" data-widget_type=\"heading.default\">\n\t\t\t\t<div class=\"elementor-widget-container\">\n\t\t\t\t\t<h4 class=\"elementor-heading-title elementor-size-default\">Gain de temps<\/h4>\t\t\t\t<\/div>\n\t\t\t\t<\/div>\n\t\t\t\t<\/div>\n\t\t\t\t<\/div>\n\t\t<div class=\"elementor-element elementor-element-8b8cc2c e-con-full e-flex e-con e-child\" data-id=\"8b8cc2c\" data-element_type=\"container\" data-e-type=\"container\">\n\t\t\t\t<div class=\"elementor-element elementor-element-d14d391 elementor-widget elementor-widget-image\" data-id=\"d14d391\" data-element_type=\"widget\" data-e-type=\"widget\" data-widget_type=\"image.default\">\n\t\t\t\t<div class=\"elementor-widget-container\">\n\t\t\t\t\t\t\t\t\t\t\t\t\t\t\t<img decoding=\"async\" width=\"64\" height=\"64\" src=\"https:\/\/keyawaytangier.com\/wp-content\/uploads\/2025\/12\/check.png\" class=\"attachment-full size-full wp-image-742\" alt=\"\" \/>\t\t\t\t\t\t\t\t\t\t\t\t\t\t\t<\/div>\n\t\t\t\t<\/div>\n\t\t<div class=\"elementor-element elementor-element-b3ee35d e-con-full e-flex e-con e-child\" data-id=\"b3ee35d\" data-element_type=\"container\" data-e-type=\"container\">\n\t\t\t\t<div class=\"elementor-element elementor-element-613a620 elementor-widget elementor-widget-heading\" data-id=\"613a620\" data-element_type=\"widget\" data-e-type=\"widget\" data-widget_type=\"heading.default\">\n\t\t\t\t<div class=\"elementor-widget-container\">\n\t\t\t\t\t<h4 class=\"elementor-heading-title elementor-size-default\">Location sans stress<\/h4>\t\t\t\t<\/div>\n\t\t\t\t<\/div>\n\t\t\t\t<\/div>\n\t\t\t\t<\/div>\n\t\t\t\t<\/div>\n\t\t\t\t<div class=\"elementor-element elementor-element-7e7529e elementor-align-center e-transform elementor-widget elementor-widget-button\" data-id=\"7e7529e\" data-element_type=\"widget\" data-e-type=\"widget\" data-settings=\"{&quot;_transform_translateY_effect_hover&quot;:{&quot;unit&quot;:&quot;px&quot;,&quot;size&quot;:-2,&quot;sizes&quot;:[]},&quot;_transform_translateX_effect_hover&quot;:{&quot;unit&quot;:&quot;px&quot;,&quot;size&quot;:&quot;&quot;,&quot;sizes&quot;:[]},&quot;_transform_translateX_effect_hover_tablet&quot;:{&quot;unit&quot;:&quot;px&quot;,&quot;size&quot;:&quot;&quot;,&quot;sizes&quot;:[]},&quot;_transform_translateX_effect_hover_mobile&quot;:{&quot;unit&quot;:&quot;px&quot;,&quot;size&quot;:&quot;&quot;,&quot;sizes&quot;:[]},&quot;_transform_translateY_effect_hover_tablet&quot;:{&quot;unit&quot;:&quot;px&quot;,&quot;size&quot;:&quot;&quot;,&quot;sizes&quot;:[]},&quot;_transform_translateY_effect_hover_mobile&quot;:{&quot;unit&quot;:&quot;px&quot;,&quot;size&quot;:&quot;&quot;,&quot;sizes&quot;:[]}}\" data-widget_type=\"button.default\">\n\t\t\t\t<div class=\"elementor-widget-container\">\n\t\t\t\t\t\t\t\t\t<div class=\"elementor-button-wrapper\">\n\t\t\t\t\t<a class=\"elementor-button elementor-button-link elementor-size-sm\" href=\"https:\/\/keyawaytangier.com\/#contact-us\">\n\t\t\t\t\t\t<span class=\"elementor-button-content-wrapper\">\n\t\t\t\t\t\t<span class=\"elementor-button-icon\">\n\t\t\t\t<svg class=\"ekit-svg-icon icon-left-arrow\" viewBox=\"0 0 32 32\" xmlns=\"http:\/\/www.w3.org\/2000\/svg\"><path d=\"M10.438 5.489c0.451-0.451 1.161-0.451 1.613 0 0.436 0.436 0.436 1.161 0 1.596l-8.176 8.176h26.981c0.629 0 1.145 0.5 1.145 1.129s-0.516 1.145-1.145 1.145h-26.981l8.176 8.161c0.436 0.451 0.436 1.178 0 1.613-0.451 0.451-1.161 0.451-1.613 0l-10.112-10.112c-0.436-0.436-0.436-1.161 0-1.596l10.112-10.112z\"><\/path><\/svg>\t\t\t<\/span>\n\t\t\t\t\t\t\t\t\t<span class=\"elementor-button-text\">Retour \u00e0 l'accueil<\/span>\n\t\t\t\t\t<\/span>\n\t\t\t\t\t<\/a>\n\t\t\t\t<\/div>\n\t\t\t\t\t\t\t\t<\/div>\n\t\t\t\t<\/div>\n\t\t\t\t<div class=\"elementor-element elementor-element-f2df405 elementor-widget elementor-widget-elementskit-blog-posts\" data-id=\"f2df405\" data-element_type=\"widget\" data-e-type=\"widget\" data-widget_type=\"elementskit-blog-posts.default\">\n\t\t\t\t<div class=\"elementor-widget-container\">\n\t\t\t\t\t<div class=\"ekit-wid-con\" >        <div id=\"post-items--f2df405\" class=\"row post-items\">\n                    <div class=\"col-md-12\">\n\n                                    <div class=\"elementskit-blog-block-post\">\n                        <div class=\"row no-gutters\">\n                                                            <div class=\"col-md-6 order-1\">\n                                    <a href=\"https:\/\/keyawaytangier.com\/?p=899\" class=\"elementskit-entry-thumb\">\n                                        <img decoding=\"async\" src=\"https:\/\/keyawaytangier.com\/wp-content\/uploads\/2026\/01\/Votre-Conciergerie-a-Tanger-2-1024x576.png\" alt=\"Conciergerie Airbnb \u00e0 Tanger : La Solution Haut de Gamme pour Optimiser Votre Location Saisonni\u00e8re\">\n                                    <\/a><!-- .elementskit-entry-thumb END -->\n                                <\/div>\n                            \n                            <div class=\"col-md-6 order-2\">\n                                <div class=\"elementskit-post-body \">\n                                    <div class=\"elementskit-entry-header\">\n                                        \n                                                                                            \t\t\t\t\t                                            \n                                            \n                                                                                            \t\t\t\t<h2 class=\"entry-title\">\n\t\t\t\t\t<a href=\"https:\/\/keyawaytangier.com\/?p=899\">\n\t\t\t\t\t\tConciergerie Airbnb \u00e0 Tanger : La Solution Haut de Gamme pour Optimiser Votre Location Saisonni\u00e8re\t\t\t\t\t<\/a>\n\t\t\t\t<\/h2>\n\t\t\t                                                                                <\/div><!-- .elementskit-entry-header END -->\n\n                                                                            <div class=\"elementskit-post-footer\">\n                                                                                            <p>Tanger est aujourd\u2019hui l\u2019une des villes les plus attractives du Maroc pour la location courte dur\u00e9e. Entre son positionnement strat\u00e9gique entre l\u2019Europe et l\u2019Afrique, son essor touristique et l\u2019augmentation des investissements immobiliers, la demande pour des services de conciergerie Airbnb \u00e0 Tanger n\u2019a jamais \u00e9t\u00e9 aussi forte. Mais g\u00e9rer un bien sur Airbnb ne se [&hellip;]<\/p>\n                                                                                                                                <\/div><!-- .elementskit-post-footer END -->\n                                                                    <\/div><!-- .elementskit-post-body END -->\n                            <\/div>\n                        <\/div>\n                    <\/div><!-- .elementskit-blog-block-post .radius .gradient-bg END -->\n                \n            <\/div>\n                <\/div>\n       <\/div>\t\t\t\t<\/div>\n\t\t\t\t<\/div>\n\t\t\t\t<\/div>\n\t\t\t\t\t<\/div>\n\t\t\t\t<\/div>\n\t\t\t\t<\/div>\n\t\t\n    <div class=\"xs_social_share_widget xs_share_url after_content \t\tmain_content  wslu-style-1 wslu-share-box-shaped wslu-fill-colored wslu-none wslu-share-horizontal wslu-theme-font-no wslu-main_content\">\n\n\t\t\n        <ul>\n\t\t\t        <\/ul>\n    <\/div> \n","protected":false},"excerpt":{"rendered":"<p>\ud83d\udcf0 Actualit\u00e9s Inspiration, Astuces &amp; Expertise Locale. Nous partageons ici nos meilleurs conseils pour simplifier votre gestion locative, booster vos r\u00e9servations et offrir un s\u00e9jour inoubliable \u00e0 vos voyageurs. Conseils Pratiques Gain de temps Location sans stress Retour \u00e0 l&#8217;accueil Conciergerie Airbnb \u00e0 Tanger : La Solution Haut de Gamme pour Optimiser Votre Location Saisonni\u00e8re [&hellip;]<\/p>\n","protected":false},"author":2,"featured_media":0,"parent":0,"menu_order":0,"comment_status":"closed","ping_status":"closed","template":"elementor_header_footer","meta":{"postBodyCss":"","postBodyMargin":[],"postBodyPadding":[],"postBodyBackground":{"backgroundType":"classic","gradient":""},"footnotes":""},"class_list":["post-691","page","type-page","status-publish","hentry"],"yoast_head":"<!-- This site is optimized with the Yoast SEO plugin v27.2 - https:\/\/yoast.com\/product\/yoast-seo-wordpress\/ -->\n<title>Blog - Conciergerie Airbnb Tanger<\/title>\n<meta name=\"robots\" content=\"index, follow, max-snippet:-1, max-image-preview:large, max-video-preview:-1\" \/>\n<link rel=\"canonical\" href=\"https:\/\/keyawaytangier.com\/?page_id=691\" \/>\n<meta property=\"og:locale\" content=\"en_US\" \/>\n<meta property=\"og:type\" content=\"article\" \/>\n<meta property=\"og:title\" content=\"Blog - Conciergerie Airbnb Tanger\" \/>\n<meta property=\"og:description\" content=\"\ud83d\udcf0 Actualit\u00e9s Inspiration, Astuces &amp; Expertise Locale. Nous partageons ici nos meilleurs conseils pour simplifier votre gestion locative, booster vos r\u00e9servations et offrir un s\u00e9jour inoubliable \u00e0 vos voyageurs. Conseils Pratiques Gain de temps Location sans stress Retour \u00e0 l&#8217;accueil Conciergerie Airbnb \u00e0 Tanger : La Solution Haut de Gamme pour Optimiser Votre Location Saisonni\u00e8re [&hellip;]\" \/>\n<meta property=\"og:url\" content=\"https:\/\/keyawaytangier.com\/?page_id=691\" \/>\n<meta property=\"og:site_name\" content=\"Conciergerie Airbnb Tanger\" \/>\n<meta property=\"article:modified_time\" content=\"2026-01-04T18:42:30+00:00\" \/>\n<meta property=\"og:image\" content=\"http:\/\/keyawaytangier.com\/wp-content\/uploads\/2025\/12\/check.png\" \/>\n<meta name=\"twitter:card\" content=\"summary_large_image\" \/>\n<meta name=\"twitter:label1\" content=\"Est. reading time\" \/>\n\t<meta name=\"twitter:data1\" content=\"2 minutes\" \/>\n<script type=\"application\/ld+json\" class=\"yoast-schema-graph\">{\"@context\":\"https:\/\/schema.org\",\"@graph\":[{\"@type\":\"WebPage\",\"@id\":\"https:\/\/keyawaytangier.com\/?page_id=691\",\"url\":\"https:\/\/keyawaytangier.com\/?page_id=691\",\"name\":\"Blog - Conciergerie Airbnb Tanger\",\"isPartOf\":{\"@id\":\"https:\/\/keyawaytangier.com\/#website\"},\"primaryImageOfPage\":{\"@id\":\"https:\/\/keyawaytangier.com\/?page_id=691#primaryimage\"},\"image\":{\"@id\":\"https:\/\/keyawaytangier.com\/?page_id=691#primaryimage\"},\"thumbnailUrl\":\"http:\/\/keyawaytangier.com\/wp-content\/uploads\/2025\/12\/check.png\",\"datePublished\":\"2025-12-31T20:59:42+00:00\",\"dateModified\":\"2026-01-04T18:42:30+00:00\",\"breadcrumb\":{\"@id\":\"https:\/\/keyawaytangier.com\/?page_id=691#breadcrumb\"},\"inLanguage\":\"en-US\",\"potentialAction\":[{\"@type\":\"ReadAction\",\"target\":[\"https:\/\/keyawaytangier.com\/?page_id=691\"]}]},{\"@type\":\"ImageObject\",\"inLanguage\":\"en-US\",\"@id\":\"https:\/\/keyawaytangier.com\/?page_id=691#primaryimage\",\"url\":\"http:\/\/keyawaytangier.com\/wp-content\/uploads\/2025\/12\/check.png\",\"contentUrl\":\"http:\/\/keyawaytangier.com\/wp-content\/uploads\/2025\/12\/check.png\"},{\"@type\":\"BreadcrumbList\",\"@id\":\"https:\/\/keyawaytangier.com\/?page_id=691#breadcrumb\",\"itemListElement\":[{\"@type\":\"ListItem\",\"position\":1,\"name\":\"Home\",\"item\":\"https:\/\/keyawaytangier.com\/\"},{\"@type\":\"ListItem\",\"position\":2,\"name\":\"Blog\"}]},{\"@type\":\"WebSite\",\"@id\":\"https:\/\/keyawaytangier.com\/#website\",\"url\":\"https:\/\/keyawaytangier.com\/\",\"name\":\"keyawaytangier.com\",\"description\":\"S\u00e9jours de Luxe &amp; Exp\u00e9riences \u00e0 Tanger\",\"publisher\":{\"@id\":\"https:\/\/keyawaytangier.com\/#organization\"},\"potentialAction\":[{\"@type\":\"SearchAction\",\"target\":{\"@type\":\"EntryPoint\",\"urlTemplate\":\"https:\/\/keyawaytangier.com\/?s={search_term_string}\"},\"query-input\":{\"@type\":\"PropertyValueSpecification\",\"valueRequired\":true,\"valueName\":\"search_term_string\"}}],\"inLanguage\":\"en-US\"},{\"@type\":\"Organization\",\"@id\":\"https:\/\/keyawaytangier.com\/#organization\",\"name\":\"KeyAway Tangier\",\"url\":\"https:\/\/keyawaytangier.com\/\",\"logo\":{\"@type\":\"ImageObject\",\"inLanguage\":\"en-US\",\"@id\":\"https:\/\/keyawaytangier.com\/#\/schema\/logo\/image\/\",\"url\":\"https:\/\/keyawaytangier.com\/wp-content\/uploads\/2025\/12\/31.png\",\"contentUrl\":\"https:\/\/keyawaytangier.com\/wp-content\/uploads\/2025\/12\/31.png\",\"width\":535,\"height\":540,\"caption\":\"KeyAway Tangier\"},\"image\":{\"@id\":\"https:\/\/keyawaytangier.com\/#\/schema\/logo\/image\/\"},\"sameAs\":[\"https:\/\/www.instagram.com\/key_way_tangier\/\"]}]}<\/script>\n<!-- \/ Yoast SEO plugin. -->","yoast_head_json":{"title":"Blog - Conciergerie Airbnb Tanger","robots":{"index":"index","follow":"follow","max-snippet":"max-snippet:-1","max-image-preview":"max-image-preview:large","max-video-preview":"max-video-preview:-1"},"canonical":"https:\/\/keyawaytangier.com\/?page_id=691","og_locale":"en_US","og_type":"article","og_title":"Blog - Conciergerie Airbnb Tanger","og_description":"\ud83d\udcf0 Actualit\u00e9s Inspiration, Astuces &amp; Expertise Locale. Nous partageons ici nos meilleurs conseils pour simplifier votre gestion locative, booster vos r\u00e9servations et offrir un s\u00e9jour inoubliable \u00e0 vos voyageurs. Conseils Pratiques Gain de temps Location sans stress Retour \u00e0 l&#8217;accueil Conciergerie Airbnb \u00e0 Tanger : La Solution Haut de Gamme pour Optimiser Votre Location Saisonni\u00e8re [&hellip;]","og_url":"https:\/\/keyawaytangier.com\/?page_id=691","og_site_name":"Conciergerie Airbnb Tanger","article_modified_time":"2026-01-04T18:42:30+00:00","og_image":[{"url":"http:\/\/keyawaytangier.com\/wp-content\/uploads\/2025\/12\/check.png","type":"","width":"","height":""}],"twitter_card":"summary_large_image","twitter_misc":{"Est. reading time":"2 minutes"},"schema":{"@context":"https:\/\/schema.org","@graph":[{"@type":"WebPage","@id":"https:\/\/keyawaytangier.com\/?page_id=691","url":"https:\/\/keyawaytangier.com\/?page_id=691","name":"Blog - Conciergerie Airbnb Tanger","isPartOf":{"@id":"https:\/\/keyawaytangier.com\/#website"},"primaryImageOfPage":{"@id":"https:\/\/keyawaytangier.com\/?page_id=691#primaryimage"},"image":{"@id":"https:\/\/keyawaytangier.com\/?page_id=691#primaryimage"},"thumbnailUrl":"http:\/\/keyawaytangier.com\/wp-content\/uploads\/2025\/12\/check.png","datePublished":"2025-12-31T20:59:42+00:00","dateModified":"2026-01-04T18:42:30+00:00","breadcrumb":{"@id":"https:\/\/keyawaytangier.com\/?page_id=691#breadcrumb"},"inLanguage":"en-US","potentialAction":[{"@type":"ReadAction","target":["https:\/\/keyawaytangier.com\/?page_id=691"]}]},{"@type":"ImageObject","inLanguage":"en-US","@id":"https:\/\/keyawaytangier.com\/?page_id=691#primaryimage","url":"http:\/\/keyawaytangier.com\/wp-content\/uploads\/2025\/12\/check.png","contentUrl":"http:\/\/keyawaytangier.com\/wp-content\/uploads\/2025\/12\/check.png"},{"@type":"BreadcrumbList","@id":"https:\/\/keyawaytangier.com\/?page_id=691#breadcrumb","itemListElement":[{"@type":"ListItem","position":1,"name":"Home","item":"https:\/\/keyawaytangier.com\/"},{"@type":"ListItem","position":2,"name":"Blog"}]},{"@type":"WebSite","@id":"https:\/\/keyawaytangier.com\/#website","url":"https:\/\/keyawaytangier.com\/","name":"keyawaytangier.com","description":"S\u00e9jours de Luxe &amp; Exp\u00e9riences \u00e0 Tanger","publisher":{"@id":"https:\/\/keyawaytangier.com\/#organization"},"potentialAction":[{"@type":"SearchAction","target":{"@type":"EntryPoint","urlTemplate":"https:\/\/keyawaytangier.com\/?s={search_term_string}"},"query-input":{"@type":"PropertyValueSpecification","valueRequired":true,"valueName":"search_term_string"}}],"inLanguage":"en-US"},{"@type":"Organization","@id":"https:\/\/keyawaytangier.com\/#organization","name":"KeyAway Tangier","url":"https:\/\/keyawaytangier.com\/","logo":{"@type":"ImageObject","inLanguage":"en-US","@id":"https:\/\/keyawaytangier.com\/#\/schema\/logo\/image\/","url":"https:\/\/keyawaytangier.com\/wp-content\/uploads\/2025\/12\/31.png","contentUrl":"https:\/\/keyawaytangier.com\/wp-content\/uploads\/2025\/12\/31.png","width":535,"height":540,"caption":"KeyAway Tangier"},"image":{"@id":"https:\/\/keyawaytangier.com\/#\/schema\/logo\/image\/"},"sameAs":["https:\/\/www.instagram.com\/key_way_tangier\/"]}]}},"_hostinger_reach_plugin_has_subscription_block":false,"_hostinger_reach_plugin_is_elementor":false,"_links":{"self":[{"href":"https:\/\/keyawaytangier.com\/index.php?rest_route=\/wp\/v2\/pages\/691","targetHints":{"allow":["GET"]}}],"collection":[{"href":"https:\/\/keyawaytangier.com\/index.php?rest_route=\/wp\/v2\/pages"}],"about":[{"href":"https:\/\/keyawaytangier.com\/index.php?rest_route=\/wp\/v2\/types\/page"}],"author":[{"embeddable":true,"href":"https:\/\/keyawaytangier.com\/index.php?rest_route=\/wp\/v2\/users\/2"}],"replies":[{"embeddable":true,"href":"https:\/\/keyawaytangier.com\/index.php?rest_route=%2Fwp%2Fv2%2Fcomments&post=691"}],"version-history":[{"count":38,"href":"https:\/\/keyawaytangier.com\/index.php?rest_route=\/wp\/v2\/pages\/691\/revisions"}],"predecessor-version":[{"id":963,"href":"https:\/\/keyawaytangier.com\/index.php?rest_route=\/wp\/v2\/pages\/691\/revisions\/963"}],"wp:attachment":[{"href":"https:\/\/keyawaytangier.com\/index.php?rest_route=%2Fwp%2Fv2%2Fmedia&parent=691"}],"curies":[{"name":"wp","href":"https:\/\/api.w.org\/{rel}","templated":true}]}}